{"id":5915,"date":"2019-10-07T16:58:00","date_gmt":"2019-10-07T14:58:00","guid":{"rendered":"http:\/\/artisticas.blogscolegioromareda.com\/?page_id=5915"},"modified":"2023-04-17T11:20:29","modified_gmt":"2023-04-17T09:20:29","slug":"1oeso","status":"publish","type":"page","link":"https:\/\/artisticas.blogscolegioromareda.com\/?page_id=5915","title":{"rendered":"1\u00baESO"},"content":{"rendered":"<h1>1\u00baESO A<\/h1>\n<table>\n<tbody>\n<tr>\n<td width=\"113\">GRUPO<\/td>\n<td width=\"113\">Coordinador\/a<\/td>\n<td width=\"113\">Secretario\/a<\/td>\n<td width=\"113\">Responsable del silencio<\/td>\n<td width=\"113\">Portavoz y animador\/a<\/td>\n<\/tr>\n<tr>\n<td width=\"113\">1.LOS DETALLISTAS<\/td>\n<td width=\"113\">M\u00f3nica Duerto<\/td>\n<td width=\"113\">Alejandra Trasmonte<\/td>\n<td width=\"113\">Juan Mart\u00ednez<\/td>\n<td width=\"113\">David Cocozza<\/td>\n<\/tr>\n<\/tbody>\n<\/table>\n<p>&nbsp;<\/p>\n<table>\n<tbody>\n<tr>\n<td width=\"113\">GRUPO<\/td>\n<td width=\"113\">Coordinador\/a<\/td>\n<td width=\"113\">Secretario\/a<\/td>\n<td width=\"113\">Responsable del silencio<\/td>\n<td width=\"113\">Portavoz y animador\/a<\/td>\n<\/tr>\n<tr>\n<td width=\"113\">2.LOS INDECISOS<\/td>\n<td width=\"113\">Samuel Silvestre<\/p>\n<p>(se cambia por Mar\u00eda Ram\u00edrez)<\/td>\n<td width=\"113\">Alejandro Carnicer<\/td>\n<td width=\"113\">\u00c1lvaro Rodr\u00edguez<\/td>\n<td width=\"113\">Alberto S\u00e1iz<\/p>\n<p>(se cambia por Adriana Mora)<\/td>\n<\/tr>\n<\/tbody>\n<\/table>\n<p>&nbsp;<\/p>\n<table>\n<tbody>\n<tr>\n<td width=\"113\">GRUPO<\/td>\n<td width=\"113\">Coordinador\/a<\/td>\n<td width=\"113\">Secretario\/a<\/td>\n<td width=\"113\">Responsable del silencio<\/td>\n<td width=\"113\">Portavoz y animador\/a<\/td>\n<\/tr>\n<tr>\n<td width=\"113\">3.LOS CUADRICULADOS<\/td>\n<td width=\"113\">Miguel Ferrero<\/td>\n<td width=\"113\">Alejandro (\u00c1lex) D\u00edaz<\/td>\n<td width=\"113\"><\/td>\n<td width=\"113\">\u00cdker J\u00edmenez<\/td>\n<\/tr>\n<\/tbody>\n<\/table>\n<p>&nbsp;<\/p>\n<table>\n<tbody>\n<tr>\n<td width=\"113\">GRUPO<\/td>\n<td width=\"113\">Coordinador\/a<\/td>\n<td width=\"113\">Secretario\/a<\/td>\n<td width=\"113\">Responsable del silencio<\/td>\n<td width=\"113\">Portavoz y animador\/a<\/td>\n<\/tr>\n<tr>\n<td width=\"113\">4.CORCHEAS Y SEMICORCHEAS<\/td>\n<td width=\"113\">Pablo Mart\u00ednez<\/td>\n<td width=\"113\">Pablo Francisco<\/td>\n<td width=\"113\"><\/td>\n<td width=\"113\">Hugo Bag\u00fces<\/td>\n<\/tr>\n<\/tbody>\n<\/table>\n<p>&nbsp;<\/p>\n<table>\n<tbody>\n<tr>\n<td width=\"113\">GRUPO<\/td>\n<td width=\"113\">Coordinador\/a<\/td>\n<td width=\"113\">Secretario\/a<\/td>\n<td width=\"113\">Responsable del silencio<\/td>\n<td width=\"113\">Portavoz y animador\/a<\/td>\n<\/tr>\n<tr>\n<td width=\"113\">5.LAS RUBIAS Y LA MORENA<\/td>\n<td width=\"113\">Carlota Bu\u00f1uel<\/td>\n<td width=\"113\">In\u00e9s Aznar<\/td>\n<td width=\"113\"><\/td>\n<td width=\"113\">Paula Torralba<\/td>\n<\/tr>\n<\/tbody>\n<\/table>\n<p>&nbsp;<\/p>\n<table>\n<tbody>\n<tr>\n<td width=\"113\">GRUPO<\/td>\n<td width=\"113\">Coordinador\/a<\/td>\n<td width=\"113\">Secretario\/a<\/td>\n<td width=\"113\">Responsable del silencio<\/td>\n<td width=\"113\">Portavoz y animador\/a<\/td>\n<\/tr>\n<tr>\n<td width=\"113\">6.GRUPO PIRAMIDAL\/LOS PANES (09\/02\/23)<\/td>\n<td width=\"113\">Vanesa Melero (cambia al grupo Ornitorrincos a 09\/02\/23 por \u00c1ngel Romanos)<\/td>\n<td width=\"113\">Paula Garc\u00eda<\/p>\n<p>(cambia al grupo Ornitorrincos a 09\/02\/23 por Sergio Gumiel)<\/td>\n<td width=\"113\">Miguel LLorente<\/td>\n<td width=\"113\">Jorge Perales<\/td>\n<\/tr>\n<\/tbody>\n<\/table>\n<p>&nbsp;<\/p>\n<table>\n<tbody>\n<tr>\n<td width=\"113\">GRUPO<\/td>\n<td width=\"113\">Coordinador\/a<\/td>\n<td width=\"113\">Secretario\/a<\/td>\n<td width=\"113\">Responsable del silencio<\/td>\n<td width=\"113\">Portavoz y animador\/a<\/td>\n<\/tr>\n<tr>\n<td width=\"113\">7.PLASTICARTE<\/td>\n<td width=\"113\">Patricia Gomariz<\/td>\n<td width=\"113\">Violeta Ruiz<\/td>\n<td width=\"113\">Mar\u00eda Ram\u00edrez<\/p>\n<p>(cambio por Samuel Silvestre)<\/td>\n<td width=\"113\">Adriana Mora<\/p>\n<p>(se cambia por Alberto S\u00e1iz)<\/td>\n<\/tr>\n<\/tbody>\n<\/table>\n<table>\n<tbody>\n<tr>\n<td width=\"113\">GRUPO<\/td>\n<td width=\"113\">Coordinador\/a<\/td>\n<td width=\"113\">Secretario\/a<\/td>\n<td width=\"113\">Responsable del silencio<\/td>\n<td width=\"113\">Portavoz y animador\/a<\/td>\n<\/tr>\n<tr>\n<td width=\"113\">8.LOS ORNITORRINCOS<\/td>\n<td width=\"113\">Roc\u00edo Mill\u00e1n<\/td>\n<td width=\"113\">\u00c1ngel Romanos (cambia al grupo Piramidal a 09\/02\/23 por Vanesa Melero)<\/td>\n<td width=\"113\">Cristina Hern\u00e1ndez<\/td>\n<td width=\"113\">Sergio Gumiel (cambia al grupo Piramidal a 09\/02\/23 por Paula Garc\u00eda)<\/td>\n<\/tr>\n<\/tbody>\n<\/table>\n<h1>1\u00baESO B<\/h1>\n<table>\n<tbody>\n<tr>\n<td width=\"113\">GRUPO<\/td>\n<td width=\"113\">Coordinador\/a<\/td>\n<td width=\"113\">Secretario\/a<\/td>\n<td width=\"113\">Responsable del silencio<\/td>\n<td width=\"113\">Portavoz y animador\/a<\/td>\n<\/tr>\n<tr>\n<td width=\"113\">4.LOS GARBANZOS<\/td>\n<td width=\"113\">Nicol\u00e1s Fern\u00e1ndez<\/td>\n<td width=\"113\">Miguel Ferrer<\/td>\n<td width=\"113\"><\/td>\n<td width=\"113\">Lorenzo Idoype<\/td>\n<\/tr>\n<\/tbody>\n<\/table>\n<table>\n<tbody>\n<tr>\n<td width=\"113\">GRUPO<\/td>\n<td width=\"113\">Coordinador\/a<\/td>\n<td width=\"113\">Secretario\/a<\/td>\n<td width=\"113\">Responsable del silencio<\/td>\n<td width=\"113\">Portavoz y animador\/a<\/td>\n<\/tr>\n<tr>\n<td width=\"113\">3.LOS GOYA<\/td>\n<td width=\"113\">Eduardo Mu\u00f1oz<\/td>\n<td width=\"113\">Elena V\u00e1zquez<\/td>\n<td width=\"113\"><\/td>\n<td width=\"113\">Sara Casas<\/td>\n<\/tr>\n<\/tbody>\n<\/table>\n<p>&nbsp;<\/p>\n<table>\n<tbody>\n<tr>\n<td width=\"113\">GRUPO<\/td>\n<td width=\"113\">Coordinador\/a<\/td>\n<td width=\"113\">Secretario\/a<\/td>\n<td width=\"113\">Responsable del silencio<\/td>\n<td width=\"113\">Portavoz y animador\/a<\/td>\n<\/tr>\n<tr>\n<td width=\"113\">1.GAMBAS RADIOACTIVAS<\/td>\n<td width=\"113\">Alejandro Montull<\/td>\n<td width=\"113\">Santiago Ledesma (Yago)<\/td>\n<td width=\"113\">Mart\u00edn Arribas<\/td>\n<td width=\"113\">Marcos Cuartero<\/td>\n<\/tr>\n<\/tbody>\n<\/table>\n<p>&nbsp;<\/p>\n<table>\n<tbody>\n<tr>\n<td width=\"113\">GRUPO<\/td>\n<td width=\"113\">Coordinador\/a<\/td>\n<td width=\"113\">Secretario\/a<\/td>\n<td width=\"113\">Responsable del silencio<\/td>\n<td width=\"113\">Portavoz y animador\/a<\/td>\n<\/tr>\n<tr>\n<td width=\"113\">7.ARCIMBOLDO<\/td>\n<td width=\"113\">Loreto Blanco<\/td>\n<td width=\"113\">Marta Valero<\/td>\n<td width=\"113\">Diego soria<\/td>\n<td width=\"113\">Carlos Escalada<\/td>\n<\/tr>\n<\/tbody>\n<\/table>\n<p>&nbsp;<\/p>\n<table>\n<tbody>\n<tr>\n<td width=\"113\">GRUPO<\/td>\n<td width=\"113\">Coordinador\/a<\/td>\n<td width=\"113\">Secretario\/a<\/td>\n<td width=\"113\">Responsable del silencio<\/td>\n<td width=\"113\">Portavoz y animador\/a<\/td>\n<\/tr>\n<tr>\n<td width=\"113\">2.LOS PICALES<\/td>\n<td width=\"113\">Daniel Jim\u00e9nez<\/td>\n<td width=\"113\">\u00cdker P\u00e9rez<\/td>\n<td width=\"113\">Carmen Sobrino<\/td>\n<td width=\"113\">In\u00e9s Francisco<\/td>\n<\/tr>\n<\/tbody>\n<\/table>\n<p>&nbsp;<\/p>\n<table>\n<tbody>\n<tr>\n<td width=\"113\">GRUPO<\/td>\n<td width=\"113\">Coordinador\/a<\/td>\n<td width=\"113\">Secretario\/a<\/td>\n<td width=\"113\">Responsable del silencio<\/td>\n<td width=\"113\">Portavoz y animador\/a<\/td>\n<\/tr>\n<tr>\n<td width=\"113\">5.LOS UMPALUMPAS<\/td>\n<td width=\"113\">Daniel Iglesias<\/td>\n<td width=\"113\">Ainhoa Asensio<\/td>\n<td width=\"113\">Gabriel H\u00edjar<\/td>\n<td width=\"113\">In\u00e9s P\u00e9rez<\/td>\n<\/tr>\n<\/tbody>\n<\/table>\n<p>&nbsp;<\/p>\n<table>\n<tbody>\n<tr>\n<td width=\"113\">GRUPO<\/td>\n<td width=\"113\">Coordinador\/a<\/td>\n<td width=\"113\">Secretario\/a<\/td>\n<td width=\"113\">Responsable del silencio<\/td>\n<td width=\"113\">Portavoz y animador\/a<\/td>\n<\/tr>\n<tr>\n<td width=\"113\">6.LOS ZARAGOZANOS<\/td>\n<td width=\"113\">Javier Pozuelo<\/td>\n<td width=\"113\">Javier Hormig\u00f3n<\/td>\n<td width=\"113\">Marta Maga\u00f1a<\/td>\n<td width=\"113\">Almudena Centro<\/td>\n<\/tr>\n<\/tbody>\n<\/table>\n<p>&nbsp;<\/p>\n<table>\n<tbody>\n<tr>\n<td width=\"113\">GRUPO<\/td>\n<td width=\"113\">Coordinador\/a<\/td>\n<td width=\"113\">Secretario\/a<\/td>\n<td width=\"113\">Responsable del silencio<\/td>\n<td width=\"113\">Portavoz y animador\/a<\/td>\n<\/tr>\n<tr>\n<td width=\"113\">8.LOS ESPA\u00d1OLES<\/td>\n<td width=\"113\">Isabel Gav\u00edn<\/td>\n<td width=\"113\">Mar\u00eda Garcinu\u00f1o<\/td>\n<td width=\"113\">Javier Alcal\u00e1<\/td>\n<td width=\"113\">Joaqu\u00edn Camas<\/td>\n<\/tr>\n<\/tbody>\n<\/table>\n<h1>1\u00baESO C<\/h1>\n<table>\n<tbody>\n<tr>\n<td width=\"113\">GRUPO<\/td>\n<td width=\"113\">Coordinador\/a<\/td>\n<td width=\"113\">Secretario\/a<\/td>\n<td width=\"113\">Responsable del silencio<\/td>\n<td width=\"113\">Portavoz y animador\/a<\/td>\n<\/tr>\n<tr>\n<td width=\"113\">1.EL EQUIPO<\/td>\n<td width=\"113\">Valeria Soria<\/td>\n<td width=\"113\">Camila P.Barrantes<\/td>\n<td width=\"113\">Carlota Mart\u00ednez<\/td>\n<td width=\"113\">Alejandro S\u00e1enz<\/td>\n<\/tr>\n<\/tbody>\n<\/table>\n<p>&nbsp;<\/p>\n<table>\n<tbody>\n<tr>\n<td width=\"113\">GRUPO<\/td>\n<td width=\"113\">Coordinador\/a<\/td>\n<td width=\"113\">Secretario\/a<\/td>\n<td width=\"113\">Responsable del silencio<\/td>\n<td width=\"113\">Portavoz y animador\/a<\/td>\n<\/tr>\n<tr>\n<td width=\"113\">2.HELLFIRE CLUB<\/td>\n<td width=\"113\">Carla Garc\u00eda<\/td>\n<td width=\"113\">Carla \u00c1greda<\/td>\n<td width=\"113\">Patricia Herce<\/td>\n<td width=\"113\">Aitana Abascal<\/td>\n<\/tr>\n<\/tbody>\n<\/table>\n<p>&nbsp;<\/p>\n<table>\n<tbody>\n<tr>\n<td width=\"113\">GRUPO<\/td>\n<td width=\"113\">Coordinador\/a<\/td>\n<td width=\"113\">Secretario\/a<\/td>\n<td width=\"113\">Responsable del silencio<\/td>\n<td width=\"113\">Portavoz y animador\/a<\/td>\n<\/tr>\n<tr>\n<td width=\"113\">3.LAS PATATAS<\/td>\n<td width=\"113\">Sara Campos<\/td>\n<td width=\"113\">Alejandro Loris<\/td>\n<td width=\"113\">\u00cdker Gonz\u00e1lez<\/td>\n<td width=\"113\">Sof\u00eda pallar\u00e9s<\/td>\n<\/tr>\n<\/tbody>\n<\/table>\n<p>&nbsp;<\/p>\n<table>\n<tbody>\n<tr>\n<td width=\"113\">GRUPO<\/td>\n<td width=\"113\">Coordinador\/a<\/td>\n<td width=\"113\">Secretario\/a<\/td>\n<td width=\"113\">Responsable del silencio<\/td>\n<td width=\"113\">Portavoz y animador\/a<\/td>\n<\/tr>\n<tr>\n<td width=\"113\">4.LOS ILUMINADOS<\/td>\n<td width=\"113\">Sof\u00eda Hamdad<\/td>\n<td width=\"113\">Marco Pascual<\/td>\n<td width=\"113\"><\/td>\n<td width=\"113\">Adriana Espallargas<\/td>\n<\/tr>\n<\/tbody>\n<\/table>\n<p>&nbsp;<\/p>\n<table>\n<tbody>\n<tr>\n<td width=\"113\">GRUPO<\/td>\n<td width=\"113\">Coordinador\/a<\/td>\n<td width=\"113\">Secretario\/a<\/td>\n<td width=\"113\">Responsable del silencio<\/td>\n<td width=\"113\">Portavoz y animador\/aL<\/td>\n<\/tr>\n<tr>\n<td width=\"113\">5.LJJI<\/td>\n<td width=\"113\">In\u00e9s Mompel<\/td>\n<td width=\"113\">Mario Torres (Jaime Prades se va al grupo ARTE M\u00c1STERS en la 3\u00aaEv)<\/td>\n<td width=\"113\">Jorge Pons<\/td>\n<td width=\"113\">Laura Salanova<\/td>\n<\/tr>\n<\/tbody>\n<\/table>\n<p>&nbsp;<\/p>\n<table>\n<tbody>\n<tr>\n<td width=\"113\">GRUPO<\/td>\n<td width=\"113\">Coordinador\/a<\/td>\n<td width=\"113\">Secretario\/a<\/td>\n<td width=\"113\">Responsable del silencio<\/td>\n<td width=\"113\">Portavoz y animador\/a<\/td>\n<\/tr>\n<tr>\n<td width=\"113\">6.CACAHUETE<\/td>\n<td width=\"113\">Izarbe Lara<\/td>\n<td width=\"113\">\u00c1lvaro Querol<\/td>\n<td width=\"113\"><\/td>\n<td width=\"113\">M\u00f3nica Cebollada<\/td>\n<\/tr>\n<\/tbody>\n<\/table>\n<p>&nbsp;<\/p>\n<table>\n<tbody>\n<tr>\n<td width=\"113\">GRUPO<\/td>\n<td width=\"113\">Coordinador\/a<\/td>\n<td width=\"113\">Secretario\/a<\/td>\n<td width=\"113\">Responsable del silencio<\/td>\n<td width=\"113\">Portavoz y animador\/a<\/td>\n<\/tr>\n<tr>\n<td width=\"113\">7.&lt;3 TAMAJU &lt;3<\/td>\n<td width=\"113\">Julieta Lozano<\/td>\n<td width=\"113\">Tatiana Vakulenko<\/td>\n<td width=\"113\"><\/td>\n<td width=\"113\">Mar\u00eda L\u00f3pez<\/td>\n<\/tr>\n<\/tbody>\n<\/table>\n<p>&nbsp;<\/p>\n<table>\n<tbody>\n<tr>\n<td width=\"113\">GRUPO<\/td>\n<td width=\"113\">Coordinador\/a<\/td>\n<td width=\"113\">Secretario\/a<\/td>\n<td width=\"113\">Responsable del silencio<\/td>\n<td width=\"113\">Portavoz y animador\/a<\/td>\n<\/tr>\n<tr>\n<td width=\"113\">8.ARTE M\u00c1STERS<\/td>\n<td width=\"113\">Irene Cabrero<\/td>\n<td width=\"113\">Andr\u00e9s Hern\u00e1ndez<\/td>\n<td width=\"113\">Jaime Prades (Mario Torres se va al grupo LJJI en la 3\u00aa Ev.)<\/td>\n<td width=\"113\">Rebeca S\u00e1nchez<\/td>\n<\/tr>\n<\/tbody>\n<\/table>\n<p>&nbsp;<\/p>\n","protected":false},"excerpt":{"rendered":"<p>1\u00baESO A GRUPO Coordinador\/a Secretario\/a Responsable del silencio Portavoz y animador\/a 1.LOS DETALLISTAS M\u00f3nica Duerto Alejandra Trasmonte Juan Mart\u00ednez David Cocozza &nbsp; GRUPO Coordinador\/a Secretario\/a Responsable del silencio Portavoz y animador\/a 2.LOS INDECISOS Samuel Silvestre (se cambia por Mar\u00eda Ram\u00edrez) Alejandro Carnicer \u00c1lvaro Rodr\u00edguez Alberto S\u00e1iz (se cambia por Adriana Mora) &nbsp; GRUPO Coordinador\/a Secretario\/a &hellip; <a href=\"https:\/\/artisticas.blogscolegioromareda.com\/?page_id=5915\" class=\"more-link\">Continuar leyendo<span class=\"screen-reader-text\"> \u00ab1\u00baESO\u00bb<\/span><\/a><\/p>\n","protected":false},"author":3,"featured_media":0,"parent":2302,"menu_order":0,"comment_status":"closed","ping_status":"closed","template":"","meta":[],"_links":{"self":[{"href":"https:\/\/artisticas.blogscolegioromareda.com\/index.php?rest_route=\/wp\/v2\/pages\/5915"}],"collection":[{"href":"https:\/\/artisticas.blogscolegioromareda.com\/index.php?rest_route=\/wp\/v2\/pages"}],"about":[{"href":"https:\/\/artisticas.blogscolegioromareda.com\/index.php?rest_route=\/wp\/v2\/types\/page"}],"author":[{"embeddable":true,"href":"https:\/\/artisticas.blogscolegioromareda.com\/index.php?rest_route=\/wp\/v2\/users\/3"}],"replies":[{"embeddable":true,"href":"https:\/\/artisticas.blogscolegioromareda.com\/index.php?rest_route=%2Fwp%2Fv2%2Fcomments&post=5915"}],"version-history":[{"count":15,"href":"https:\/\/artisticas.blogscolegioromareda.com\/index.php?rest_route=\/wp\/v2\/pages\/5915\/revisions"}],"predecessor-version":[{"id":6737,"href":"https:\/\/artisticas.blogscolegioromareda.com\/index.php?rest_route=\/wp\/v2\/pages\/5915\/revisions\/6737"}],"up":[{"embeddable":true,"href":"https:\/\/artisticas.blogscolegioromareda.com\/index.php?rest_route=\/wp\/v2\/pages\/2302"}],"wp:attachment":[{"href":"https:\/\/artisticas.blogscolegioromareda.com\/index.php?rest_route=%2Fwp%2Fv2%2Fmedia&parent=5915"}],"curies":[{"name":"wp","href":"https:\/\/api.w.org\/{rel}","templated":true}]}}